{"id":78,"date":"2011-01-26T10:28:40","date_gmt":"2011-01-26T10:28:40","guid":{"rendered":"http:\/\/www.hedefmusavirlik.com\/?page_id=78"},"modified":"2011-01-26T10:28:40","modified_gmt":"2011-01-26T10:28:40","slug":"yasal-uyari","status":"publish","type":"page","link":"http:\/\/www.hedefmusavirlik.com\/?page_id=78","title":{"rendered":"Yasal Uyar\u0131"},"content":{"rendered":"<p><strong>Hedef\u00a0 M\u00fc\u015favirlik Web Sitesi Telif Hakk\u0131 ve Sorumluluk Beyan\u0131 Bildirimi <\/strong><\/p>\n<p>Herhangi bir \u015fekilde m\u00fc\u015favirlik ve dan\u0131\u015fmanl\u0131k amac\u0131 ta\u015f\u0131mayan bu site,\u00a0 Hedef\u00a0 M\u00fc\u015favirlik \u00a0\u00a0m\u00fc\u015fterilerinin vergi, bankac\u0131l\u0131k, yabanc\u0131 sermaye, sermaye piyasas\u0131 ve ilgili di\u011fer mevzuatlardaki de\u011fi\u015fiklik ve d\u00fczenlemelerden haberdar olmas\u0131 ve Hedef\u00a0 M\u00fc\u015favirlik &#8216;nin g\u00f6r\u00fc\u015flerinin m\u00fc\u015fterilere bildirilmesi amac\u0131yla yay\u0131mlanan sirk\u00fclerlere Hedef\u00a0 M\u00fc\u015favirlik &#8216;in m\u00fc\u015fterilerinin kolay ve h\u0131zl\u0131 eri\u015fim sa\u011flamas\u0131 amac\u0131yla m\u00fcmk\u00fcn olan en fazla \u00f6zen ve dikkat g\u00f6sterilerek haz\u0131rlanmakkktad\u0131r.<\/p>\n<p>Kanunlar\u0131n ve bunlara ba\u011fl\u0131 mevzuat\u0131n uygulanmas\u0131 ve yorumlanmas\u0131n\u0131n olaylara, ki\u015filere ve kurumlara g\u00f6re farkl\u0131l\u0131k g\u00f6sterebilece\u011fi ger\u00e7e\u011finden hareketle Hedef\u00a0 M\u00fc\u015favirlik taraf\u0131ndan haz\u0131rlanan bu sitede yer alan iyiniyetli insan hatalar\u0131, teknik veya di\u011fer fakt\u00f6rlere dayal\u0131 yorum farkl\u0131l\u0131\u011f\u0131, bilgi eksikli\u011fi, hata veya yanl\u0131\u015fl\u0131k i\u00e7ermesi muhtemel bilgilerin kullan\u0131c\u0131lar\u0131 a\u00e7\u0131k bir \u015fekilde kabul ederler ki;<\/p>\n<p>\u2022 Hedef\u00a0 M\u00fc\u015favirlik \u00a0\u00a0\u00a0ve \u00e7al\u0131\u015fanlar\u0131\u00a0 hi\u00e7bir \u015fekilde bu sitede yay\u0131mlanan bilgilere dayan\u0131larak al\u0131nan kararlar ve yap\u0131lan i\u015flemlerle ilgili olarak, do\u011fabilecek do\u011frudan do\u011fruya veya dolayl\u0131 zararlar konusunda bu t\u00fcr zararlar\u0131n meydana gelebilece\u011fi hususunda uyar\u0131da bulunulmu\u015f olsa dahi\u00a0 herhangi bir a\u00e7\u0131k veya gizli garanti, teminat, sorumluluk veya m\u00fckellefiyet \u00fcstlenmemektedir.<\/p>\n<p>\u2022 Bu sitede mevcut bulunan bilgiler, Hedef\u00a0 M\u00fc\u015favirlik &#8216;in \u00f6nceden yaz\u0131l\u0131 izni al\u0131nmadan k\u0131smen veya tamamen kopya edilemez, uygulamaya konulamaz, da\u011f\u0131t\u0131lamaz, kiralanamaz, \u00e7o\u011falt\u0131lamaz, alt lisansla kulland\u0131r\u0131lamaz, de\u011fi\u015ftirilemez, ileride kullan\u0131lmak \u00fczere saklanamaz.<\/p>\n<p>\u2022 Bu web sitesinde yer alan b\u00fct\u00fcn \u00fcr\u00fcn ve hizmetler \u00f6nceden bildirimde bulunmaks\u0131z\u0131n de\u011fi\u015ftirilebilir.<\/p>\n<p>www.hedefmusavirlik.com\u00a0 sitesi&#8217;ne g\u00f6stermi\u015f oldu\u011funuz ilgi i\u00e7in te\u015fekk\u00fcr ederiz.<\/p>\n","protected":false},"excerpt":{"rendered":"<p>Hedef\u00a0 M\u00fc\u015favirlik Web Sitesi Telif Hakk\u0131 ve Sorumluluk Beyan\u0131 Bildirimi Herhangi bir \u015fekilde m\u00fc\u015favirlik ve dan\u0131\u015fmanl\u0131k amac\u0131 ta\u015f\u0131mayan bu site,\u00a0 Hedef\u00a0 M\u00fc\u015favirlik \u00a0\u00a0m\u00fc\u015fterilerinin vergi, bankac\u0131l\u0131k, yabanc\u0131 sermaye, sermaye piyasas\u0131 ve ilgili di\u011fer mevzuatlardaki de\u011fi\u015fiklik ve d\u00fczenlemelerden haberdar olmas\u0131 ve Hedef\u00a0 M\u00fc\u015favirlik &#8216;nin g\u00f6r\u00fc\u015flerinin m\u00fc\u015fterilere bildirilmesi amac\u0131yla yay\u0131mlanan sirk\u00fclerlere Hedef\u00a0 M\u00fc\u015favirlik &#8216;in m\u00fc\u015fterilerinin kolay ve h\u0131zl\u0131 [&hellip;]<\/p>\n","protected":false},"author":1,"featured_media":0,"parent":0,"menu_order":0,"comment_status":"closed","ping_status":"closed","template":"","meta":{"footnotes":""},"class_list":["post-78","page","type-page","status-publish","hentry"],"_links":{"self":[{"href":"http:\/\/www.hedefmusavirlik.com\/index.php?rest_route=\/wp\/v2\/pages\/78","targetHints":{"allow":["GET"]}}],"collection":[{"href":"http:\/\/www.hedefmusavirlik.com\/index.php?rest_route=\/wp\/v2\/pages"}],"about":[{"href":"http:\/\/www.hedefmusavirlik.com\/index.php?rest_route=\/wp\/v2\/types\/page"}],"author":[{"embeddable":true,"href":"http:\/\/www.hedefmusavirlik.com\/index.php?rest_route=\/wp\/v2\/users\/1"}],"replies":[{"embeddable":true,"href":"http:\/\/www.hedefmusavirlik.com\/index.php?rest_route=%2Fwp%2Fv2%2Fcomments&post=78"}],"version-history":[{"count":1,"href":"http:\/\/www.hedefmusavirlik.com\/index.php?rest_route=\/wp\/v2\/pages\/78\/revisions"}],"predecessor-version":[{"id":79,"href":"http:\/\/www.hedefmusavirlik.com\/index.php?rest_route=\/wp\/v2\/pages\/78\/revisions\/79"}],"wp:attachment":[{"href":"http:\/\/www.hedefmusavirlik.com\/index.php?rest_route=%2Fwp%2Fv2%2Fmedia&parent=78"}],"curies":[{"name":"wp","href":"https:\/\/api.w.org\/{rel}","templated":true}]}}