{"id":70,"date":"2011-01-26T09:49:01","date_gmt":"2011-01-26T09:49:01","guid":{"rendered":"http:\/\/www.hedefmusavirlik.com\/?page_id=70"},"modified":"2011-01-26T10:29:11","modified_gmt":"2011-01-26T10:29:11","slug":"hizmetlerimiz-2","status":"publish","type":"page","link":"http:\/\/www.hedefmusavirlik.com\/?page_id=70","title":{"rendered":"Hizmetlerimiz"},"content":{"rendered":"<ul>\n<li>Her T\u00fcrl\u00fc \u015eirket Kurulu\u015fu<\/li>\n<li> Sermaye Art\u0131r\u0131mlar\u0131 ve raporlar\u0131,<\/li>\n<li>Hisse Devir, Sat\u0131\u015f \u0130\u015flemleri<\/li>\n<li>Tasfiye \u0130\u015flemleri<\/li>\n<li>Muhasebe Hizmeti(Defter Tutma)<\/li>\n<li>M\u00fc\u015favirlik (B\u00fcroda yada Firmada)<\/li>\n<li>Marka ve \u015eirket De\u011ferleme \u00c7al\u0131\u015fmalar\u0131 ve Rapor haz\u0131rlama<\/li>\n<li>Y\u00f6netim Muhasebesi Sistem Kurma<\/li>\n<li>Maliyet Muhasebesi Sistem Kurulu\u015fu<\/li>\n<li>Ticari Muhasebe ve Entegrasyon altyap\u0131s\u0131<\/li>\n<li>Y\u00f6netim Bilgi Sistem Dan\u0131\u015fmanl\u0131\u011f\u0131<\/li>\n<li>Mali Analiz ve Grafikler<\/li>\n<li>Finansal Analiz ve Grafikler<\/li>\n<li>Stok Kontrol Y\u00f6ntemleri ve Kodlama Sistemi<\/li>\n<li>Rasyo(Oran) Analizi<\/li>\n<li>Dikey ve Yatay Analizler<\/li>\n<li>Karl\u0131l\u0131k Analizleri (Stok,b\u00f6lgesel sat\u0131\u015f,m\u00fc\u015fteri baz\u0131nda analizler)<\/li>\n<li>Ba\u011f-kur i\u015flemleri<\/li>\n<li>SGK emeklilik i\u015flemleri<\/li>\n<li>Her t\u00fcrl\u00fc beyanname, bildirge haz\u0131rlanmas\u0131 ve verilmesi<\/li>\n<li>\u00dccret Takip Sistemi<\/li>\n<li>Her t\u00fcrl\u00fc mali tablo haz\u0131rlama<\/li>\n<li>Denetim ve Raporlama<\/li>\n<li>\u0130hracat ve KDV \u0130adeleri<\/li>\n<li>Mali ve Finansal Durum Tesbitleri ve Analizleri<\/li>\n<\/ul>\n<p>SMMM Nihat \u015eahin<\/p>\n<ul><\/ul>\n","protected":false},"excerpt":{"rendered":"<p>Her T\u00fcrl\u00fc \u015eirket Kurulu\u015fu Sermaye Art\u0131r\u0131mlar\u0131 ve raporlar\u0131, Hisse Devir, Sat\u0131\u015f \u0130\u015flemleri Tasfiye \u0130\u015flemleri Muhasebe Hizmeti(Defter Tutma) M\u00fc\u015favirlik (B\u00fcroda yada Firmada) Marka ve \u015eirket De\u011ferleme \u00c7al\u0131\u015fmalar\u0131 ve Rapor haz\u0131rlama Y\u00f6netim Muhasebesi Sistem Kurma Maliyet Muhasebesi Sistem Kurulu\u015fu Ticari Muhasebe ve Entegrasyon altyap\u0131s\u0131 Y\u00f6netim Bilgi Sistem Dan\u0131\u015fmanl\u0131\u011f\u0131 Mali Analiz ve Grafikler Finansal Analiz ve Grafikler Stok [&hellip;]<\/p>\n","protected":false},"author":1,"featured_media":0,"parent":0,"menu_order":0,"comment_status":"closed","ping_status":"closed","template":"","meta":{"footnotes":""},"class_list":["post-70","page","type-page","status-publish","hentry"],"_links":{"self":[{"href":"http:\/\/www.hedefmusavirlik.com\/index.php?rest_route=\/wp\/v2\/pages\/70","targetHints":{"allow":["GET"]}}],"collection":[{"href":"http:\/\/www.hedefmusavirlik.com\/index.php?rest_route=\/wp\/v2\/pages"}],"about":[{"href":"http:\/\/www.hedefmusavirlik.com\/index.php?rest_route=\/wp\/v2\/types\/page"}],"author":[{"embeddable":true,"href":"http:\/\/www.hedefmusavirlik.com\/index.php?rest_route=\/wp\/v2\/users\/1"}],"replies":[{"embeddable":true,"href":"http:\/\/www.hedefmusavirlik.com\/index.php?rest_route=%2Fwp%2Fv2%2Fcomments&post=70"}],"version-history":[{"count":4,"href":"http:\/\/www.hedefmusavirlik.com\/index.php?rest_route=\/wp\/v2\/pages\/70\/revisions"}],"predecessor-version":[{"id":74,"href":"http:\/\/www.hedefmusavirlik.com\/index.php?rest_route=\/wp\/v2\/pages\/70\/revisions\/74"}],"wp:attachment":[{"href":"http:\/\/www.hedefmusavirlik.com\/index.php?rest_route=%2Fwp%2Fv2%2Fmedia&parent=70"}],"curies":[{"name":"wp","href":"https:\/\/api.w.org\/{rel}","templated":true}]}}