{"id":586,"date":"2011-02-04T11:29:00","date_gmt":"2011-02-04T11:29:00","guid":{"rendered":"http:\/\/www.hedefmusavirlik.com\/?page_id=586"},"modified":"2012-01-06T11:10:58","modified_gmt":"2012-01-06T11:10:58","slug":"mali-takvim","status":"publish","type":"page","link":"http:\/\/www.hedefmusavirlik.com\/?page_id=586","title":{"rendered":"Mali Takvim-2011"},"content":{"rendered":"<ul>\n<ul>\n<ul>\n<ul>\n<li><a href=\"http:\/\/www.hedefmusavirlik.com\/wp-content\/uploads\/2011\/02\/TEMMUZ-2011-TAKVIM-son.pdf\">Ocak 2011<\/a><\/li>\n<li><a href=\"http:\/\/www.hedefmusavirlik.com\/wp-content\/uploads\/2011\/02\/MAL\u0130-TAKV\u0130M-2011-SUBAT.pdf\">\u015eubat 2011<\/a><\/li>\n<li><a href=\"http:\/\/www.hedefmusavirlik.com\/wp-content\/uploads\/2011\/02\/MAL\u0130-TAKV\u0130M-2011-MART.pdf\">Mart 2011<\/a><\/li>\n<li><a href=\"http:\/\/www.hedefmusavirlik.com\/wp-content\/uploads\/2011\/02\/MAL\u0130-TAKV\u0130M-2011-N\u0130SAN.pdf\">Nisan 2011<\/a><\/li>\n<li><a href=\"http:\/\/www.hedefmusavirlik.com\/wp-content\/uploads\/2011\/02\/MAL\u0130-TAKV\u0130M-2011-MAYIS.pdf\">May\u0131s 2011<\/a><\/li>\n<li><a href=\"http:\/\/www.hedefmusavirlik.com\/wp-content\/uploads\/2011\/02\/2011-06-mal\u0131-takv\u0131m.pdf\">Haziran 2011<\/a><\/li>\n<li><a href=\"http:\/\/www.hedefmusavirlik.com\/wp-content\/uploads\/2011\/02\/TEMMUZ-TAKVIM-sonnn.pdf\">Temmuz 2011<\/a><\/li>\n<li><a href=\"http:\/\/www.hedefmusavirlik.com\/wp-content\/uploads\/2011\/02\/MALI-TAKVIM-2011-AGUSTOS.pdf\">A\u011fustos 2011<\/a><\/li>\n<li><a href=\"http:\/\/www.hedefmusavirlik.com\/wp-content\/uploads\/2011\/02\/MALI-TAKVIM-2011-EYLUL.pdf\">Eyl\u00fcl 2011<\/a><\/li>\n<li><a href=\"http:\/\/www.hedefmusavirlik.com\/wp-content\/uploads\/2011\/02\/MALI-TAKVIM-EKIM-2011.pdf\">Ekim 2011<\/a><\/li>\n<li><a href=\"http:\/\/www.hedefmusavirlik.com\/wp-content\/uploads\/2011\/02\/MALI-TAKVIM-KASIM-2011.pdf\">Kas\u0131m 2011<\/a><\/li>\n<li><a href=\"http:\/\/www.hedefmusavirlik.com\/wp-content\/uploads\/2011\/02\/MALI-TAKVIM-ARALIK-2011.pdf\">Aral\u0131k 2011<\/a><\/li>\n<\/ul>\n<\/ul>\n<\/ul>\n<\/ul>\n","protected":false},"excerpt":{"rendered":"<p>Ocak 2011 \u015eubat 2011 Mart 2011 Nisan 2011 May\u0131s 2011 Haziran 2011 Temmuz 2011 A\u011fustos 2011 Eyl\u00fcl 2011 Ekim 2011 Kas\u0131m 2011 Aral\u0131k 2011<\/p>\n","protected":false},"author":1,"featured_media":0,"parent":0,"menu_order":0,"comment_status":"closed","ping_status":"closed","template":"","meta":{"footnotes":""},"class_list":["post-586","page","type-page","status-publish","hentry"],"_links":{"self":[{"href":"http:\/\/www.hedefmusavirlik.com\/index.php?rest_route=\/wp\/v2\/pages\/586","targetHints":{"allow":["GET"]}}],"collection":[{"href":"http:\/\/www.hedefmusavirlik.com\/index.php?rest_route=\/wp\/v2\/pages"}],"about":[{"href":"http:\/\/www.hedefmusavirlik.com\/index.php?rest_route=\/wp\/v2\/types\/page"}],"author":[{"embeddable":true,"href":"http:\/\/www.hedefmusavirlik.com\/index.php?rest_route=\/wp\/v2\/users\/1"}],"replies":[{"embeddable":true,"href":"http:\/\/www.hedefmusavirlik.com\/index.php?rest_route=%2Fwp%2Fv2%2Fcomments&post=586"}],"version-history":[{"count":42,"href":"http:\/\/www.hedefmusavirlik.com\/index.php?rest_route=\/wp\/v2\/pages\/586\/revisions"}],"predecessor-version":[{"id":588,"href":"http:\/\/www.hedefmusavirlik.com\/index.php?rest_route=\/wp\/v2\/pages\/586\/revisions\/588"}],"wp:attachment":[{"href":"http:\/\/www.hedefmusavirlik.com\/index.php?rest_route=%2Fwp%2Fv2%2Fmedia&parent=586"}],"curies":[{"name":"wp","href":"https:\/\/api.w.org\/{rel}","templated":true}]}}