{"id":567,"date":"2011-01-31T10:12:15","date_gmt":"2011-01-31T10:12:15","guid":{"rendered":"http:\/\/www.hedefmusavirlik.com\/?page_id=567"},"modified":"2014-01-02T10:45:37","modified_gmt":"2014-01-02T10:45:37","slug":"sirkuler-2011","status":"publish","type":"page","link":"http:\/\/www.hedefmusavirlik.com\/?page_id=567","title":{"rendered":"Sirk\u00fcler 2011"},"content":{"rendered":"<ul>\n<ul>\n<ul>\n<ul>\n<ul>\n<li><a href=\"http:\/\/www.hedefmusavirlik.com\/wp-content\/uploads\/2011\/01\/2011-2-d\u00f6nem-kurlar2.pdf\">6111 SAYILI TORBA KANUN VERG\u0130 VE D\u0130\u011eER KURUM BOR\u00c7LARI YAPILANDIRMASI\u00a0 SON BA\u015eVURU S\u00dcRELER\u0130<\/a><\/li>\n<li><a href=\"http:\/\/www.hedefmusavirlik.com\/wp-content\/uploads\/2011\/01\/6111-TORBA-YASA-OZET.pdf\">6111 SAYILI TORBA KANUN ( VERG\u0130 VE SGK PR\u0130M YAPILANDIRMASI)<\/a><\/li>\n<li><a href=\"http:\/\/www.hedefmusavirlik.com\/wp-content\/uploads\/2011\/01\/2011-YILINDA-UYGULANACAK-BAZI-HADLER.pdf\">2011 YILINDA UYGULANACAK TUTARLAR<\/a><\/li>\n<li><a href=\"http:\/\/www.hedefmusavirlik.com\/wp-content\/uploads\/2011\/01\/2010-4-donem-kurlar.pdf\">2010 \/ 4.D\u00d6NEM GE\u00c7\u0130C\u0130 VERG\u0130 D\u00d6NEM\u0130NDE YABANCI PARA KUR DE\u011eERLEMER\u0130<\/a><\/li>\n<li><a href=\"http:\/\/www.hedefmusavirlik.com\/wp-content\/uploads\/2011\/01\/2011-1-DONEM-KURLAR.pdf\">2011 \/ 1.D\u00d6NEM GE\u00c7\u0130C\u0130 VERG\u0130 D\u00d6NEM\u0130NDE YABANCI PARA KUR DE\u011eERLEMELER\u0130<\/a><\/li>\n<li><a href=\"http:\/\/www.hedefmusavirlik.com\/wp-content\/uploads\/2011\/01\/6111-SAYILI-KANUNLA-\u0130LG\u0130L\u0130-MUHASEBE-KAYITLAR.pdf\">6111 SAYILI TORBA KANUN KAPSAMINDA YAPILACAK MUHASEBE KAYITLARI<\/a><\/li>\n<li><a href=\"http:\/\/www.hedefmusavirlik.com\/wp-content\/uploads\/2011\/01\/2011-2-d\u00f6nem-kurlar.pdf\">2011 \/ 2. D\u00d6NEM GE\u00c7\u0130C\u0130 VERG\u0130 YABANCI PARA KUR DE\u011eERLEMELER\u0130<\/a><\/li>\n<li><a href=\"http:\/\/www.hedefmusavirlik.com\/wp-content\/uploads\/2011\/01\/2011-3-d\u00f6nem-degerleme-kurlar\u0131-son.pdf\">2011 \/ 3.D\u00d6NEM GE\u00c7\u0130C\u0130 VERG\u0130 YABANCI PARA KUR DE\u011eERLEMELER\u0130<\/a><\/li>\n<\/ul>\n<\/ul>\n<\/ul>\n<\/ul>\n<\/ul>\n<p>&nbsp;<\/p>\n","protected":false},"excerpt":{"rendered":"<p>6111 SAYILI TORBA KANUN VERG\u0130 VE D\u0130\u011eER KURUM BOR\u00c7LARI YAPILANDIRMASI\u00a0 SON BA\u015eVURU S\u00dcRELER\u0130 6111 SAYILI TORBA KANUN ( VERG\u0130 VE SGK PR\u0130M YAPILANDIRMASI) 2011 YILINDA UYGULANACAK TUTARLAR 2010 \/ 4.D\u00d6NEM GE\u00c7\u0130C\u0130 VERG\u0130 D\u00d6NEM\u0130NDE YABANCI PARA KUR DE\u011eERLEMER\u0130 2011 \/ 1.D\u00d6NEM GE\u00c7\u0130C\u0130 VERG\u0130 D\u00d6NEM\u0130NDE YABANCI PARA KUR DE\u011eERLEMELER\u0130 6111 SAYILI TORBA KANUN KAPSAMINDA YAPILACAK MUHASEBE KAYITLARI [&hellip;]<\/p>\n","protected":false},"author":1,"featured_media":0,"parent":559,"menu_order":0,"comment_status":"closed","ping_status":"closed","template":"","meta":{"footnotes":""},"class_list":["post-567","page","type-page","status-publish","hentry"],"_links":{"self":[{"href":"http:\/\/www.hedefmusavirlik.com\/index.php?rest_route=\/wp\/v2\/pages\/567","targetHints":{"allow":["GET"]}}],"collection":[{"href":"http:\/\/www.hedefmusavirlik.com\/index.php?rest_route=\/wp\/v2\/pages"}],"about":[{"href":"http:\/\/www.hedefmusavirlik.com\/index.php?rest_route=\/wp\/v2\/types\/page"}],"author":[{"embeddable":true,"href":"http:\/\/www.hedefmusavirlik.com\/index.php?rest_route=\/wp\/v2\/users\/1"}],"replies":[{"embeddable":true,"href":"http:\/\/www.hedefmusavirlik.com\/index.php?rest_route=%2Fwp%2Fv2%2Fcomments&post=567"}],"version-history":[{"count":17,"href":"http:\/\/www.hedefmusavirlik.com\/index.php?rest_route=\/wp\/v2\/pages\/567\/revisions"}],"predecessor-version":[{"id":621,"href":"http:\/\/www.hedefmusavirlik.com\/index.php?rest_route=\/wp\/v2\/pages\/567\/revisions\/621"}],"up":[{"embeddable":true,"href":"http:\/\/www.hedefmusavirlik.com\/index.php?rest_route=\/wp\/v2\/pages\/559"}],"wp:attachment":[{"href":"http:\/\/www.hedefmusavirlik.com\/index.php?rest_route=%2Fwp%2Fv2%2Fmedia&parent=567"}],"curies":[{"name":"wp","href":"https:\/\/api.w.org\/{rel}","templated":true}]}}