{"id":559,"date":"2011-01-31T09:49:39","date_gmt":"2011-01-31T09:49:39","guid":{"rendered":"http:\/\/www.hedefmusavirlik.com\/?page_id=559"},"modified":"2014-01-02T10:42:13","modified_gmt":"2014-01-02T10:42:13","slug":"sirkuler","status":"publish","type":"page","link":"http:\/\/www.hedefmusavirlik.com\/?page_id=559","title":{"rendered":"Sirk\u00fcler"},"content":{"rendered":"<ul>\n<li><a href=\"http:\/\/www.hedefmusavirlik.com\/?page_id=586\">Mali Takvim-2011<\/a><\/li>\n<li><a href=\"http:\/\/www.hedefmusavirlik.com\/?page_id=1450\">Mali Takvim-2012<\/a><\/li>\n<\/ul>\n<ul>\n<li><a href=\"http:\/\/www.hedefmusavirlik.com\/?page_id=564\">Sirk\u00fcler-2010<\/a><\/li>\n<li><a href=\"http:\/\/www.hedefmusavirlik.com\/?page_id=567\">Sirk\u00fcler-2011<\/a><\/li>\n<li><a href=\"http:\/\/www.hedefmusavirlik.com\/?page_id=1426\">Sirk\u00fcler-2012<\/a><\/li>\n<li>Sirk\u00fcler-2013<\/li>\n<\/ul>\n<p>&nbsp;<\/p>\n","protected":false},"excerpt":{"rendered":"<p>Mali Takvim-2011 Mali Takvim-2012 Sirk\u00fcler-2010 Sirk\u00fcler-2011 Sirk\u00fcler-2012 Sirk\u00fcler-2013 &nbsp;<\/p>\n","protected":false},"author":1,"featured_media":0,"parent":0,"menu_order":0,"comment_status":"closed","ping_status":"closed","template":"","meta":{"footnotes":""},"class_list":["post-559","page","type-page","status-publish","hentry"],"_links":{"self":[{"href":"http:\/\/www.hedefmusavirlik.com\/index.php?rest_route=\/wp\/v2\/pages\/559","targetHints":{"allow":["GET"]}}],"collection":[{"href":"http:\/\/www.hedefmusavirlik.com\/index.php?rest_route=\/wp\/v2\/pages"}],"about":[{"href":"http:\/\/www.hedefmusavirlik.com\/index.php?rest_route=\/wp\/v2\/types\/page"}],"author":[{"embeddable":true,"href":"http:\/\/www.hedefmusavirlik.com\/index.php?rest_route=\/wp\/v2\/users\/1"}],"replies":[{"embeddable":true,"href":"http:\/\/www.hedefmusavirlik.com\/index.php?rest_route=%2Fwp%2Fv2%2Fcomments&post=559"}],"version-history":[{"count":20,"href":"http:\/\/www.hedefmusavirlik.com\/index.php?rest_route=\/wp\/v2\/pages\/559\/revisions"}],"predecessor-version":[{"id":2966,"href":"http:\/\/www.hedefmusavirlik.com\/index.php?rest_route=\/wp\/v2\/pages\/559\/revisions\/2966"}],"wp:attachment":[{"href":"http:\/\/www.hedefmusavirlik.com\/index.php?rest_route=%2Fwp%2Fv2%2Fmedia&parent=559"}],"curies":[{"name":"wp","href":"https:\/\/api.w.org\/{rel}","templated":true}]}}