{"id":36,"date":"2011-01-26T09:38:58","date_gmt":"2011-01-26T09:38:58","guid":{"rendered":"http:\/\/www.hedefmusavirlik.com\/?page_id=36"},"modified":"2011-01-26T09:38:58","modified_gmt":"2011-01-26T09:38:58","slug":"kdv-oranlari-ve-listesi","status":"publish","type":"page","link":"http:\/\/www.hedefmusavirlik.com\/?page_id=36","title":{"rendered":"KDV Oranlar\u0131 ve Listesi"},"content":{"rendered":"<p style=\"text-align: center;\"><a href=\"http:\/\/www.gib.gov.tr\/index.php?id=830\" target=\"_blank\"><strong>G\u00fcncel KDV Oran ve Listesi \u0130\u00e7in T\u0131klay\u0131n\u0131z<\/strong><\/a><\/p>\n<p style=\"text-align: center;\">\n<p style=\"text-align: center;\">\n","protected":false},"excerpt":{"rendered":"<p>G\u00fcncel KDV Oran ve Listesi \u0130\u00e7in T\u0131klay\u0131n\u0131z<\/p>\n","protected":false},"author":1,"featured_media":0,"parent":0,"menu_order":0,"comment_status":"closed","ping_status":"closed","template":"","meta":{"footnotes":""},"class_list":["post-36","page","type-page","status-publish","hentry"],"_links":{"self":[{"href":"http:\/\/www.hedefmusavirlik.com\/index.php?rest_route=\/wp\/v2\/pages\/36","targetHints":{"allow":["GET"]}}],"collection":[{"href":"http:\/\/www.hedefmusavirlik.com\/index.php?rest_route=\/wp\/v2\/pages"}],"about":[{"href":"http:\/\/www.hedefmusavirlik.com\/index.php?rest_route=\/wp\/v2\/types\/page"}],"author":[{"embeddable":true,"href":"http:\/\/www.hedefmusavirlik.com\/index.php?rest_route=\/wp\/v2\/users\/1"}],"replies":[{"embeddable":true,"href":"http:\/\/www.hedefmusavirlik.com\/index.php?rest_route=%2Fwp%2Fv2%2Fcomments&post=36"}],"version-history":[{"count":1,"href":"http:\/\/www.hedefmusavirlik.com\/index.php?rest_route=\/wp\/v2\/pages\/36\/revisions"}],"predecessor-version":[{"id":37,"href":"http:\/\/www.hedefmusavirlik.com\/index.php?rest_route=\/wp\/v2\/pages\/36\/revisions\/37"}],"wp:attachment":[{"href":"http:\/\/www.hedefmusavirlik.com\/index.php?rest_route=%2Fwp%2Fv2%2Fmedia&parent=36"}],"curies":[{"name":"wp","href":"https:\/\/api.w.org\/{rel}","templated":true}]}}