{"id":25,"date":"2011-01-26T09:37:12","date_gmt":"2011-01-26T09:37:12","guid":{"rendered":"http:\/\/www.hedefmusavirlik.com\/?page_id=25"},"modified":"2011-01-26T09:51:00","modified_gmt":"2011-01-26T09:51:00","slug":"hizmetlerimiz","status":"publish","type":"page","link":"http:\/\/www.hedefmusavirlik.com\/?page_id=25","title":{"rendered":"M\u00fckellef Panosu"},"content":{"rendered":"<p><strong>M\u00dcKELLEFLER\u0130N D\u0130KKAT ETMES\u0130 GEREKEN \u00d6NEML\u0130 KONULAR\u2026.:<\/strong><\/p>\n<p>Vergi Kanunlar\u0131nda ya\u015fanan h\u0131zl\u0131 de\u011fi\u015fimler Siz de\u011ferli M\u00fckellefler ile MUHASEBE ve M\u00dc\u015eAV\u0130RL\u0130K hizmeti veren biz MUHASEBEC\u0130 ve MAL\u0130 M\u00dc\u015eAV\u0130RLERLE\u00a0 Mevzuat, Bilgi, belge al\u0131\u015f veri\u015fi ile ileti\u015fimin daha sa\u011fl\u0131kl\u0131 s\u00fcrd\u00fcr\u00fclmesi i\u00e7in a\u015fa\u011f\u0131daki konularda Siz M\u00dcKELLEFLER\u0130M\u0130Z\u0130 uyar\u0131da bulunmak gere\u011fi duyulmu\u015ftur.<\/p>\n<p>2010 Y\u0131l\u0131 Ba\u015f\u0131nda \u00c7\u0131kan Vergi Usul Kanunu D\u00fczenlemeleri, BA \u2013 BS formlar\u0131n\u0131n verilme zaman\u0131 ve \u015fekline ili\u015fkin de\u011fi\u015fiklikler ise Fatura Kay\u0131tlamalar\u0131na ili\u015fkin k\u00f6kl\u00fc de\u011fi\u015fiklik meydana getirmi\u015ftir.<\/p>\n<p>Siz m\u00fckelleflerimizin CEZA\u0130 duruma d\u00fc\u015fmemeniz i\u00e7in a\u015fa\u011f\u0131daki konularda 01.01.2011 tarihinden sonraki i\u015flemlerde AZAM\u0130 dikkat etmenizi, T\u00fcm\u00a0 M\u00dcKELLEFLER\u0130M\u0130Z\u0130 a\u015fa\u011f\u0131daki konularda daha \u00d6ZENL\u0130 davranmalar\u0131n\u0131 tavsiye ederiz.<\/p>\n<p>1- Al\u0131\u015f ve Sat\u0131\u015f Faturalar\u0131n\u0131n mutlaka D\u00fczenlendi\u011fi aydaki MUHASEBE dosyas\u0131 ile, Muhasebe Departman\u0131n\u0131za Ula\u015ft\u0131r\u0131lmal\u0131d\u0131r. Vergi Usul Kanununa g\u00f6re FATURALAR 7 g\u00fcn i\u00e7erisinde d\u00fczenlenmelidir. 7 (Yedi) g\u00fcn\u00fc a\u015fm\u0131\u015f \u015feklinde d\u00fczenlenen veya hi\u00e7 d\u00fczenlenmeyen faturalar i\u00e7in Fatura Bedelinin % 10\u2019u oran\u0131nda, En az 170 TL Ceza kesilmektedir.<\/p>\n<p>2- Al\u0131\u015f \u2013 Sat\u0131\u015f Faturalar\u0131n\u0131z\u0131 Muhasebe departman\u0131na D\u00dcZENLEND\u0130\u011e\u0130 \/ ALINDI\u011eI ayda veriniz. Ge\u00e7 Verilmesi veya hi\u00e7 verilmemesi durumunda, Bilan\u00e7o Usul\u00fcne g\u00f6re Defter tutan m\u00fckelleflerin vermek zorunda oldu\u011fu BA ve BS formlar\u0131nda eksik beyana sebep olaca\u011f\u0131ndan, BA ve BS formlar\u0131n\u0131n D\u00dcZELTMES\u0130NE sebep olacakt\u0131r. Ba\/Bs formlar\u0131n\u0131n verilme s\u00fcresi ge\u00e7tikten sonra 10 g\u00fcn i\u00e7erisinde yap\u0131l\u0131rsa ceza kesilmez. Bu s\u00fcreyi takip eden 15 g\u00fcn i\u00e7erisinde verilmesi halinde ise \u00f6zel usuls\u00fczl\u00fck cezas\u0131 1\/2 oran\u0131nda, bu s\u00fcreden sonra d\u00fczeltme yap\u0131l\u0131rsa tam olarak uygulan\u0131r.<\/p>\n<p>3- Yazar Kasa kullanan M\u00fckelleflerin Mutlaka G\u00fcnl\u00fck Z Raporlar\u0131n\u0131 ak\u015fam i\u015fyerlerini kapatmadan almalar\u0131 gerekmektedir. Ayr\u0131ca Her Bir sat\u0131\u015f\u0131 700 TL a\u015fmayanlar i\u00e7in YAZAR KASA fi\u015fi d\u00fczenlemeleri gerekmekte, 700 TL\u2019yi a\u015fanlar i\u00e7in MUTLAKA FATURA D\u00dcZENLEMEK zorundad\u0131rlar. Bu zorunlulu\u011fa uymayanlar HER B\u0130R F\u0130\u015e ve FATURA i\u00e7in % 10 oran\u0131nda CEZA \u00f6demek durumundad\u0131rlar. Ayr\u0131ca Her Ay sonu AYLIK Z Al\u0131nmal\u0131d\u0131r. Muhasebe Dosyas\u0131na konmal\u0131d\u0131r. Yazar Kasa Fi\u015flerinde KDV Oranlar\u0131 hatal\u0131 olanlar d\u00fczelttirmelidir. Silik Raporlar i\u00e7in Bedelinin % 10\u2019u oran\u0131nda, En az 170 TL Ceza kesilmektedir.<\/p>\n<p>4- Al\u0131\u015f ve Sat\u0131\u015f Faturalar\u0131n\u0131z\u0131 AYLIK DOSYALAR halinde d\u00fczenlemeniz gerekmektedir. Vergi Dairesinden Gelen Memurlara O AYA A\u0130T Dosyan\u0131n mutlaka g\u00f6sterilmesi gerekmektedir. Bu nedenle Evraklar\u0131n\u0131 Memurlara g\u00f6stermeyenlere 1.S\u0131n\u0131f Tacirlere 1070 TL, 2.S\u0131n\u0131f Tacirlere 530 TL, Di\u011ferlerine 260 TL VUK. M\u00fck. 355 g\u00f6re Ceza kesilmektedir.<\/p>\n<p>5- Muhasebe Departmanlar\u0131n\u0131za Al\u0131\u015f-Sat\u0131\u015f Faturalar\u0131n\u0131z\u0131, Tahsilat Makbuzlar\u0131n\u0131z\u0131, Sat\u0131c\u0131 \u00d6deme Makbuzlar\u0131n\u0131z\u0131, Gider Pusulalar\u0131n\u0131z\u0131, Serbest Meslek Makbuzunuzu, Banka Ekstrenizi, Sigorta Poli\u00e7elerinizi, Z Raporlar\u0131n\u0131z\u0131 ve Di\u011fer Masraf Evraklar\u0131n\u0131z\u0131 HER AY D\u00dcZENL\u0130 ula\u015ft\u0131r\u0131n\u0131z. Aksi Halde Verilecek beyannamelerde eksik beyan verilmesine sebep olacakt\u0131r. Eksik Verilen Beyannameler i\u00e7in D\u00fczeltmeler Mutlaka Ait oldu\u011fu Ayda yap\u0131lmal\u0131d\u0131r. Ancak bilinmelidir ki, Verilen her d\u00fczeltme veya yap\u0131lan her hata Vergi Dairesi taraf\u0131ndan \u0130ncelenme Riskinizi artt\u0131rmaktad\u0131r.<\/p>\n<p>6- SGK kapsam\u0131nda\u00a0 sigortal\u0131 \u00e7al\u0131\u015facak\u00a0 Personeli i\u015fe ba\u015flamadan en az 1 g\u00fcn \u00f6nceden, \u00c7\u0131kan Personellerinizi Mutlaka ayn\u0131 g\u00fcn i\u00e7erisinde Muhasebe Departman\u0131n\u0131za iletiniz. Muhasebe Departman\u0131 \u00c7\u0131k\u0131\u015f i\u015flemini 10 g\u00fcn i\u00e7erisinde SGK&#8217;ya bildirmek zorundad\u0131r. Bu i\u015flemlerin s\u00fcresinde verilmemesi halinde her bir personel i\u00e7in ASGAR\u0130 \u00dcCRET tutar\u0131nda CEZA \u00f6denmektedir. Ayr\u0131ca Viziteye \u00e7\u0131kan personelinizin \u0130\u015fba\u015f\u0131 Ka\u011f\u0131d\u0131n\u0131 veya var ise Raporu Muhasebe departman\u0131na iletiniz, Muhasebe Departman\u0131 ise Raporlar\u0131 en ge\u00e7 5 i\u015f g\u00fcn\u00fc i\u00e7erisinde SGK\u2019ya bildirmek zorundad\u0131r.<\/p>\n<p>7- Ayl\u0131k SGK H\u0130ZMET D\u00d6K\u00dcM\u00dcN\u00dc i\u015fyerinize ASINIZ. Ayr\u0131ca sizlere verilen BORDROLARI ve Hesap Pusulalar\u0131n\u0131 da personellerinize mutlaka imzalat\u0131n\u0131z. \u0130mzalatmad\u0131\u011f\u0131n\u0131z taktirde personelin itiraz\u0131nda MAA\u015eINI tekrar \u00f6demek zorunda kal\u0131rs\u0131n\u0131z . Hizmet D\u00f6k\u00fcmlerinin i\u015fyerinde As\u0131lmamas\u0131 Durumunda Asgari \u00dccretin 2 kat\u0131 tutar\u0131nda Ceza \u00f6dersiniz. Personeli 10 ki\u015fiyi a\u015fan i\u015fyerleri Personel maa\u015flar\u0131n\u0131 BANKADAN \u00f6demek ZORUNDADIR.<\/p>\n<p>8- \u0130\u015fyeri Kiralar\u0131n\u0131n tutar\u0131 ne olursa olsun BANKADAN \u00d6DENMEK ZORUNDADIR. \u00d6deme Makbuzlar\u0131n\u0131 Mutlaka MUHASEBE Dosyalar\u0131n\u0131za koyunuz. Bankadan \u00d6denmeyen Her bir Kira i\u00e7in 1.S\u0131n\u0131f Tacirlere 1070 TL, 2.S\u0131n\u0131f Tacirlere 530 TL, Di\u011ferlerine 260 TL VUK. M\u00fck. 355 g\u00f6re Ceza kesilmektedir.<\/p>\n<p>9- Faaliyetiniz ile ilgili olmayan, \u015fahsi veya ailevi harcamalarla ilgili\u00a0 MASRAF BELGELER\u0130N\u0130N Muhasebe Dosyan\u0131za koymay\u0131n\u0131z. Bu t\u00fcr bir Masraf Belgesi yanl\u0131\u015fl\u0131kla i\u015flenir ise, Vergi \u0130ncelemesinde, Belgenin yakla\u015f\u0131k 3 Kat\u0131 tutar\u0131nda CEZA \u00d6DERS\u0130N\u0130Z.<\/p>\n<p>10- Al\u0131\u015f Faturalar\u0131 veya Masraf Belgeleri Ge\u00e7 Verilmemelidir. Muhasebe Dosyalar\u0131na \u00d6NCEK\u0130 AYA A\u0130T MASRAF faturalar\u0131 konmamal\u0131d\u0131r.<\/p>\n<p>11- Sat\u0131\u015f Faturalar\u0131n\u0131zda ve \u0130rsaliyelerde Mutlaka Seri ve Tarih takip etmelidir. Etmedi\u011fi taktirde 1.600 TL Ceza Kesilmektedir. Ayr\u0131ca Faturalarda 8.000 TL a\u015fmas\u0131 halinde A\u00c7IK kesilmeli, A\u00e7\u0131k kesilen faturalar Mutlaka BANKA ile \u00f6denmelidir. Fatura ile \u00d6deyen Mutlaka Ayn\u0131 ki\u015fi olmal\u0131d\u0131r. \u00d6zellikle Kredi Kart\u0131 ile yap\u0131lan tahsilat\u0131n faturas\u0131 kesilmelidir. Kesilecek Fatura KART SAH\u0130B\u0130NE KES\u0130LMEL\u0130D\u0130R.<\/p>\n<p>12- Banka Hesaplar\u0131n\u0131zdan Firman\u0131za ait olmayan \u00f6demeler yap\u0131lmamal\u0131d\u0131r. Tespitinde Sebebi Sorulacak olup, Gider yaz\u0131lm\u0131\u015f ise \u0130se \u0130ndirilen KDV ve 1 Kat Vergi Ziya\u0131 Cezas\u0131 Kesilecek, ayr\u0131ca Gelir Veya Kurumlar Vergisi y\u00f6n\u00fcnden de eksik tahakkuk eden vergi Gecikme zamm\u0131 ile birlikte istenecektir. Ayr\u0131ca Usuls\u00fczl\u00fck Cezas\u0131 da kesilecektir.<\/p>\n<p>13- \u0130\u015fyerinizde Vergi Levhas\u0131, SGK Hizmet D\u00f6k\u00fcm\u00fc, Yazar Kasa Levhas\u0131, KDV Dahildir Tabelas\u0131, Asgari \u00dccret Uygulanmak Zorundad\u0131r Tabelas\u0131, Sigara \u0130\u00e7ilmez Tabelas\u0131 as\u0131lmak zorundad\u0131r. As\u0131lmaz ise SGK Hizmet D\u00f6k\u00fcm\u00fc i\u00e7in 2 Asgari \u00dccret tutar\u0131nda, Yazar Kasa, KDV Dahildir, \u00d6deme Kaydedici Cihaz Levhas\u0131 i\u00e7in Usuls\u00fczl\u00fck Cezas\u0131, Sigara \u0130\u00e7mek Yasakt\u0131r Levhas\u0131 i\u00e7in ise 70 TL Ceza \u00f6deyeceksiniz.<\/p>\n<p>14- Muhasebe Evraklar\u0131 Her ay d\u00fczenli MUHASEBE DEPARTMANINA \u0130LET\u0130LMEL\u0130D\u0130R. Evraklar\u0131 Gelmeyen firmalar\u0131n Beyannameleri \u00a0VER\u0130LEMEZ \u00a0ve bundan dolay\u0131 Muhasebeciniz sorumlu olmaz.<\/p>\n<p>Siz Vergi M\u00fckelleflerinin sorun ya\u015famamalar\u0131 ve CEZALI DURUMA d\u00fc\u015fmemek i\u00e7in yukar\u0131daki konulara duyarl\u0131 olmalar\u0131n\u0131 \u00f6neririz.<\/p>\n<p>Sayg\u0131lar\u0131m\u0131zla,<\/p>\n<p>HEDEF MUHASEBE &amp; M\u00dc\u015eAV\u0130RL\u0130K<\/p>\n","protected":false},"excerpt":{"rendered":"<p>M\u00dcKELLEFLER\u0130N D\u0130KKAT ETMES\u0130 GEREKEN \u00d6NEML\u0130 KONULAR\u2026.: Vergi Kanunlar\u0131nda ya\u015fanan h\u0131zl\u0131 de\u011fi\u015fimler Siz de\u011ferli M\u00fckellefler ile MUHASEBE ve M\u00dc\u015eAV\u0130RL\u0130K hizmeti veren biz MUHASEBEC\u0130 ve MAL\u0130 M\u00dc\u015eAV\u0130RLERLE\u00a0 Mevzuat, Bilgi, belge al\u0131\u015f veri\u015fi ile ileti\u015fimin daha sa\u011fl\u0131kl\u0131 s\u00fcrd\u00fcr\u00fclmesi i\u00e7in a\u015fa\u011f\u0131daki konularda Siz M\u00dcKELLEFLER\u0130M\u0130Z\u0130 uyar\u0131da bulunmak gere\u011fi duyulmu\u015ftur. 2010 Y\u0131l\u0131 Ba\u015f\u0131nda \u00c7\u0131kan Vergi Usul Kanunu D\u00fczenlemeleri, BA \u2013 BS [&hellip;]<\/p>\n","protected":false},"author":1,"featured_media":0,"parent":0,"menu_order":0,"comment_status":"closed","ping_status":"closed","template":"","meta":{"footnotes":""},"class_list":["post-25","page","type-page","status-publish","hentry"],"_links":{"self":[{"href":"http:\/\/www.hedefmusavirlik.com\/index.php?rest_route=\/wp\/v2\/pages\/25","targetHints":{"allow":["GET"]}}],"collection":[{"href":"http:\/\/www.hedefmusavirlik.com\/index.php?rest_route=\/wp\/v2\/pages"}],"about":[{"href":"http:\/\/www.hedefmusavirlik.com\/index.php?rest_route=\/wp\/v2\/types\/page"}],"author":[{"embeddable":true,"href":"http:\/\/www.hedefmusavirlik.com\/index.php?rest_route=\/wp\/v2\/users\/1"}],"replies":[{"embeddable":true,"href":"http:\/\/www.hedefmusavirlik.com\/index.php?rest_route=%2Fwp%2Fv2%2Fcomments&post=25"}],"version-history":[{"count":4,"href":"http:\/\/www.hedefmusavirlik.com\/index.php?rest_route=\/wp\/v2\/pages\/25\/revisions"}],"predecessor-version":[{"id":73,"href":"http:\/\/www.hedefmusavirlik.com\/index.php?rest_route=\/wp\/v2\/pages\/25\/revisions\/73"}],"wp:attachment":[{"href":"http:\/\/www.hedefmusavirlik.com\/index.php?rest_route=%2Fwp%2Fv2%2Fmedia&parent=25"}],"curies":[{"name":"wp","href":"https:\/\/api.w.org\/{rel}","templated":true}]}}