{"id":23,"date":"2011-01-26T09:36:54","date_gmt":"2011-01-26T09:36:54","guid":{"rendered":"http:\/\/www.hedefmusavirlik.com\/?page_id=23"},"modified":"2011-01-29T08:04:20","modified_gmt":"2011-01-29T08:04:20","slug":"hakkimizda","status":"publish","type":"page","link":"http:\/\/www.hedefmusavirlik.com\/?page_id=23","title":{"rendered":"Hakk\u0131m\u0131zda"},"content":{"rendered":"<p>\u00c7al\u0131\u015fma hayat\u0131na 1986\u00a0 y\u0131l\u0131nda ba\u015flayan S.M.Mali M\u00fc\u015favir Nihat \u015eahin;<\/p>\n<p>\u0130stanbul \u00dcniversitesi \u0130ktisat Fak\u00fcltesi mezunu olup,\u00a0 \u00e7e\u015fitli banka ve \u00f6zel kurulu\u015flarda Muhasebe,Finansman,Mali-\u0130dari i\u015fler, \u0130hracat,\u0130thalat konular\u0131nda sorumlu personel ve y\u00f6netici olarak \u00a0\u00e7al\u0131\u015ft\u0131ktan sonra 1997 y\u0131l\u0131nda Mali M\u00fc\u015favirlik belgesini alarak ba\u011f\u0131ms\u0131z \u00e7al\u0131\u015fmaya ba\u015flam\u0131\u015ft\u0131r.\u00a0 \u0130SMMMO\u2019 nun d\u00fczenlemi\u015f oldu\u011fu mesleki \u0130ngilizce, mesleki konularda seminer ve e\u011fitimlere kat\u0131lm\u0131\u015f ve \u00a0son olarak da Marka ve \u015eirket De\u011ferleme Uzmanl\u0131\u011f\u0131 Sertifikas\u0131n\u0131 alm\u0131\u015ft\u0131r.<\/p>\n<p>Mevcut uzman kadrosu ile Hedef Muhasebe ve Mali M\u00fc\u015favirlik B\u00fcrosu,<\/p>\n<p>m\u00fckelleflerine\u00a0 muhasebe, m\u00fc\u015favirlik, denetim ve muhasebe ve mali analize y\u00f6nelik sistem kurma, \u015firket de\u011ferleme, Finansal analiz konular\u0131nda hizmet vermektedir.<\/p>\n<p>Detayl\u0131\u00a0 bilgiler i\u00e7in l\u00fctfen Hizmetlerimiz b\u00f6l\u00fcm\u00fcn\u00fc inceleyiniz ve bizimle ileti\u015fime ge\u00e7iniz.<\/p>\n<p>Sayg\u0131lar\u0131m\u0131zla,<\/p>\n","protected":false},"excerpt":{"rendered":"<p>\u00c7al\u0131\u015fma hayat\u0131na 1986\u00a0 y\u0131l\u0131nda ba\u015flayan S.M.Mali M\u00fc\u015favir Nihat \u015eahin; \u0130stanbul \u00dcniversitesi \u0130ktisat Fak\u00fcltesi mezunu olup,\u00a0 \u00e7e\u015fitli banka ve \u00f6zel kurulu\u015flarda Muhasebe,Finansman,Mali-\u0130dari i\u015fler, \u0130hracat,\u0130thalat konular\u0131nda sorumlu personel ve y\u00f6netici olarak \u00a0\u00e7al\u0131\u015ft\u0131ktan sonra 1997 y\u0131l\u0131nda Mali M\u00fc\u015favirlik belgesini alarak ba\u011f\u0131ms\u0131z \u00e7al\u0131\u015fmaya ba\u015flam\u0131\u015ft\u0131r.\u00a0 \u0130SMMMO\u2019 nun d\u00fczenlemi\u015f oldu\u011fu mesleki \u0130ngilizce, mesleki konularda seminer ve e\u011fitimlere kat\u0131lm\u0131\u015f ve \u00a0son olarak [&hellip;]<\/p>\n","protected":false},"author":1,"featured_media":0,"parent":0,"menu_order":0,"comment_status":"closed","ping_status":"closed","template":"","meta":{"footnotes":""},"class_list":["post-23","page","type-page","status-publish","hentry"],"_links":{"self":[{"href":"http:\/\/www.hedefmusavirlik.com\/index.php?rest_route=\/wp\/v2\/pages\/23","targetHints":{"allow":["GET"]}}],"collection":[{"href":"http:\/\/www.hedefmusavirlik.com\/index.php?rest_route=\/wp\/v2\/pages"}],"about":[{"href":"http:\/\/www.hedefmusavirlik.com\/index.php?rest_route=\/wp\/v2\/types\/page"}],"author":[{"embeddable":true,"href":"http:\/\/www.hedefmusavirlik.com\/index.php?rest_route=\/wp\/v2\/users\/1"}],"replies":[{"embeddable":true,"href":"http:\/\/www.hedefmusavirlik.com\/index.php?rest_route=%2Fwp%2Fv2%2Fcomments&post=23"}],"version-history":[{"count":3,"href":"http:\/\/www.hedefmusavirlik.com\/index.php?rest_route=\/wp\/v2\/pages\/23\/revisions"}],"predecessor-version":[{"id":553,"href":"http:\/\/www.hedefmusavirlik.com\/index.php?rest_route=\/wp\/v2\/pages\/23\/revisions\/553"}],"wp:attachment":[{"href":"http:\/\/www.hedefmusavirlik.com\/index.php?rest_route=%2Fwp%2Fv2%2Fmedia&parent=23"}],"curies":[{"name":"wp","href":"https:\/\/api.w.org\/{rel}","templated":true}]}}