{"id":21,"date":"2011-01-26T09:36:34","date_gmt":"2011-01-26T09:36:34","guid":{"rendered":"http:\/\/www.hedefmusavirlik.com\/?page_id=21"},"modified":"2011-01-26T09:36:34","modified_gmt":"2011-01-26T09:36:34","slug":"gunluk-doviz-kurlari","status":"publish","type":"page","link":"http:\/\/www.hedefmusavirlik.com\/?page_id=21","title":{"rendered":"G\u00fcnl\u00fck D\u00f6viz Kurlar\u0131"},"content":{"rendered":"<p><iframe loading=\"lazy\" name=\"iframe\" src=\"http:\/\/www.tcmb.gov.tr\/kurlar\/today.html\" width=\"535\" height=\"885\" marginwidth=\"1\" marginheight=\"1\" scrolling=\"yes\" align=\"absmiddle\" border=\"0\" frameborder=\"0\"><\/iframe><\/p>\n","protected":false},"excerpt":{"rendered":"","protected":false},"author":1,"featured_media":0,"parent":0,"menu_order":0,"comment_status":"closed","ping_status":"closed","template":"","meta":{"footnotes":""},"class_list":["post-21","page","type-page","status-publish","hentry"],"_links":{"self":[{"href":"http:\/\/www.hedefmusavirlik.com\/index.php?rest_route=\/wp\/v2\/pages\/21","targetHints":{"allow":["GET"]}}],"collection":[{"href":"http:\/\/www.hedefmusavirlik.com\/index.php?rest_route=\/wp\/v2\/pages"}],"about":[{"href":"http:\/\/www.hedefmusavirlik.com\/index.php?rest_route=\/wp\/v2\/types\/page"}],"author":[{"embeddable":true,"href":"http:\/\/www.hedefmusavirlik.com\/index.php?rest_route=\/wp\/v2\/users\/1"}],"replies":[{"embeddable":true,"href":"http:\/\/www.hedefmusavirlik.com\/index.php?rest_route=%2Fwp%2Fv2%2Fcomments&post=21"}],"version-history":[{"count":1,"href":"http:\/\/www.hedefmusavirlik.com\/index.php?rest_route=\/wp\/v2\/pages\/21\/revisions"}],"predecessor-version":[{"id":22,"href":"http:\/\/www.hedefmusavirlik.com\/index.php?rest_route=\/wp\/v2\/pages\/21\/revisions\/22"}],"wp:attachment":[{"href":"http:\/\/www.hedefmusavirlik.com\/index.php?rest_route=%2Fwp%2Fv2%2Fmedia&parent=21"}],"curies":[{"name":"wp","href":"https:\/\/api.w.org\/{rel}","templated":true}]}}