{"id":1426,"date":"2012-01-03T13:17:18","date_gmt":"2012-01-03T13:17:18","guid":{"rendered":"http:\/\/www.hedefmusavirlik.com\/?page_id=1426"},"modified":"2014-01-02T10:46:06","modified_gmt":"2014-01-02T10:46:06","slug":"sirkuler-2012-4","status":"publish","type":"page","link":"http:\/\/www.hedefmusavirlik.com\/?page_id=1426","title":{"rendered":"Sirk\u00fcler 2012"},"content":{"rendered":"<ul>\n<ul>\n<ul>\n<ul>\n<li><a href=\"http:\/\/www.hedefmusavirlik.com\/wp-content\/uploads\/2012\/01\/Pratik-Bilgiler-verg\u0131-20122.xls\">2012\/01 Vergi Pratik Bilgileri<\/a><\/li>\n<li><a href=\"http:\/\/www.hedefmusavirlik.com\/wp-content\/uploads\/2012\/01\/pratik-bilgiler-SGK-20121.xls\">2012\/02 SGK Pratik Bilgileri<\/a><\/li>\n<li><a href=\"http:\/\/www.hedefmusavirlik.com\/wp-content\/uploads\/2012\/01\/SIRKULER-2012-3-gss.pdf\">2012\/03 Genel Sa\u011fl\u0131k Sigortas\u0131<\/a><\/li>\n<li><a href=\"http:\/\/www.hedefmusavirlik.com\/wp-content\/uploads\/2012\/01\/31122011-YABANCI-PARA-DEGERLERI.pdf\">2012 \/04 2011\/4.D\u00f6nem Ge\u00e7ici Vergi D\u00f6neminde Uygulanacak Yabanc\u0131 Para De\u011ferleri<\/a><\/li>\n<li><a href=\"http:\/\/www.hedefmusavirlik.com\/wp-content\/uploads\/2012\/01\/2012-1-YABANCI-PARA-DEGERLERI.pdf\">2012 \/05 2012\/1.D\u00f6nem Ge\u00e7ici Vergi D\u00f6neminde Uygulanacak Yabanc\u0131 Para De\u011ferleri<\/a><\/li>\n<li><a href=\"http:\/\/www.hedefmusavirlik.com\/wp-content\/uploads\/2012\/01\/KUR-DE\u011eERLEME-2012-HAZ\u0130RAN.pdf\">2012\/06 2012\/2.D\u00f6nem Ge\u00e7ici Vergi D\u00f6neminde Uygulanacak Yabanc\u0131 Para De\u011ferleri<\/a><\/li>\n<li><a href=\"http:\/\/www.hedefmusavirlik.com\/wp-content\/uploads\/2012\/01\/2012-3-YABANCI-PARA-DEGERLERI.pdf\">2012\/07 2012\/3.D\u00f6nem Ge\u00e7ici Vergi D\u00f6neminde Uygulanacak Yabanc\u0131 Para De\u011ferleri<\/a><\/li>\n<\/ul>\n<\/ul>\n<\/ul>\n<\/ul>\n","protected":false},"excerpt":{"rendered":"<p>2012\/01 Vergi Pratik Bilgileri 2012\/02 SGK Pratik Bilgileri 2012\/03 Genel Sa\u011fl\u0131k Sigortas\u0131 2012 \/04 2011\/4.D\u00f6nem Ge\u00e7ici Vergi D\u00f6neminde Uygulanacak Yabanc\u0131 Para De\u011ferleri 2012 \/05 2012\/1.D\u00f6nem Ge\u00e7ici Vergi D\u00f6neminde Uygulanacak Yabanc\u0131 Para De\u011ferleri 2012\/06 2012\/2.D\u00f6nem Ge\u00e7ici Vergi D\u00f6neminde Uygulanacak Yabanc\u0131 Para De\u011ferleri 2012\/07 2012\/3.D\u00f6nem Ge\u00e7ici Vergi D\u00f6neminde Uygulanacak Yabanc\u0131 Para De\u011ferleri<\/p>\n","protected":false},"author":1,"featured_media":0,"parent":559,"menu_order":0,"comment_status":"closed","ping_status":"closed","template":"","meta":{"footnotes":""},"class_list":["post-1426","page","type-page","status-publish","hentry"],"_links":{"self":[{"href":"http:\/\/www.hedefmusavirlik.com\/index.php?rest_route=\/wp\/v2\/pages\/1426","targetHints":{"allow":["GET"]}}],"collection":[{"href":"http:\/\/www.hedefmusavirlik.com\/index.php?rest_route=\/wp\/v2\/pages"}],"about":[{"href":"http:\/\/www.hedefmusavirlik.com\/index.php?rest_route=\/wp\/v2\/types\/page"}],"author":[{"embeddable":true,"href":"http:\/\/www.hedefmusavirlik.com\/index.php?rest_route=\/wp\/v2\/users\/1"}],"replies":[{"embeddable":true,"href":"http:\/\/www.hedefmusavirlik.com\/index.php?rest_route=%2Fwp%2Fv2%2Fcomments&post=1426"}],"version-history":[{"count":18,"href":"http:\/\/www.hedefmusavirlik.com\/index.php?rest_route=\/wp\/v2\/pages\/1426\/revisions"}],"predecessor-version":[{"id":1435,"href":"http:\/\/www.hedefmusavirlik.com\/index.php?rest_route=\/wp\/v2\/pages\/1426\/revisions\/1435"}],"up":[{"embeddable":true,"href":"http:\/\/www.hedefmusavirlik.com\/index.php?rest_route=\/wp\/v2\/pages\/559"}],"wp:attachment":[{"href":"http:\/\/www.hedefmusavirlik.com\/index.php?rest_route=%2Fwp%2Fv2%2Fmedia&parent=1426"}],"curies":[{"name":"wp","href":"https:\/\/api.w.org\/{rel}","templated":true}]}}